{"id":11,"date":"2013-06-04T20:24:44","date_gmt":"2013-06-04T18:24:44","guid":{"rendered":"http:\/\/www.christofwackernagel.de\/aktuelles\/?page_id=11"},"modified":"2021-04-10T13:42:06","modified_gmt":"2021-04-10T11:42:06","slug":"filme","status":"publish","type":"page","link":"http:\/\/www.christofwackernagel.de\/aktuelles\/filme\/","title":{"rendered":"Filme"},"content":{"rendered":"<h1>letzte Drehs:<\/h1>\n<h3>Die Bestatterin<\/h3>\n<p>Dr. Bauer<\/p>\n<h3>Lindenstrasse<\/h3>\n<p>Supervisor<\/p>\n<h3><span style=\"font-size: 14pt;\"><em>Spur des Terrors<\/em><\/span><\/h3>\n<p>Geheimdienstausschussvorsitzender<\/p>\n<h3><em><span style=\"font-size: 14pt;\">2 x Aktenzeichen<\/span> XY<\/em><\/h3>\n<p>erst mit heissem B\u00fcgeleisen gequ\u00e4lter B\u00e4cker &#8211; dann blutig geschlagener Sportsch\u00fctze und Ex-Beamter&#8230;<\/p>\n<h3><em>Gift<\/em><\/h3>\n<p>korrupter Staatsanwalt<\/p>\n<h3><em><span style=\"font-size: 14pt;\">Um Himmels willen<\/span><\/em><\/h3>\n<p>Professor Hirseberger, Experte f\u00fcr schwierige biologische Fragen<\/p>\n<p><span style=\"font-size: 14pt;\"><em><strong>Rosenheim Cops<\/strong><\/em><\/span><\/p>\n<p>Professor Dinkelmann, der des Mordes verd\u00e4chtig wird und zwar wegen eines Plagiats!<\/p>\n<h2><strong><em>F\u00fcr jede L\u00f6sung ein Problem<\/em> <\/strong><\/h2>\n<p>Rolle Gustav Thaler, Vater der Haupotdarstellerin Gerri Thaler, gespielt von Katharina Wackernagel<\/p>\n<h2><em>Schwarzach 23<\/em><\/h2>\n<p>Rolle Exschauspieler Tscharlie<\/p>\n<h1>Erinnerung an Mali:<\/h1>\n<table border=\"0\" width=\"100%\" cellspacing=\"0\" cellpadding=\"0\">\n<tbody>\n<tr>\n<td>6<\/td>\n<td>\n<h3><a href=\"https:\/\/www.crew-united.com\/profil\/editMember.asp?IDM=35013#\"><img decoding=\"async\" title=\"Video\/Audio in neuem Fenster starten\" src=\"https:\/\/www.crew-united.com\/grafx\/icon_start_sm_profil.gif\" alt=\"\" border=\"0\" \/><\/a>\u00a0\u00a0<a href=\"https:\/\/www.crew-united.com\/projekte\/index.asp?IDPD=59738\" target=\"crewunited\" rel=\"noopener\">Der Weisse <\/a><\/h3>\n<h3><a href=\"https:\/\/www.crew-united.com\/projekte\/index.asp?IDPD=59738\" target=\"crewunited\" rel=\"noopener\">mit dem Schwarzbrot<\/a><\/h3>\n<\/td>\n<td>Dokumentarfilm<\/td>\n<td>(HR)<\/td>\n<\/tr>\n<\/tbody>\n<\/table>\n","protected":false},"excerpt":{"rendered":"<p>letzte Drehs: Die Bestatterin Dr. Bauer Lindenstrasse Supervisor Spur des Terrors Geheimdienstausschussvorsitzender 2 x Aktenzeichen XY erst mit heissem B\u00fcgeleisen gequ\u00e4lter B\u00e4cker &#8211; dann blutig geschlagener Sportsch\u00fctze und Ex-Beamter&#8230; Gift korrupter Staatsanwalt Um Himmels willen Professor Hirseberger, Experte f\u00fcr schwierige biologische Fragen Rosenheim Cops Professor Dinkelmann, der des Mordes verd\u00e4chtig wird und zwar wegen eines [&hellip;]<\/p>\n","protected":false},"author":1,"featured_media":0,"parent":0,"menu_order":5,"comment_status":"open","ping_status":"open","template":"page-templates\/full-width.php","meta":{"footnotes":""},"class_list":["post-11","page","type-page","status-publish","hentry"],"_links":{"self":[{"href":"http:\/\/www.christofwackernagel.de\/aktuelles\/wp-json\/wp\/v2\/pages\/11","targetHints":{"allow":["GET"]}}],"collection":[{"href":"http:\/\/www.christofwackernagel.de\/aktuelles\/wp-json\/wp\/v2\/pages"}],"about":[{"href":"http:\/\/www.christofwackernagel.de\/aktuelles\/wp-json\/wp\/v2\/types\/page"}],"author":[{"embeddable":true,"href":"http:\/\/www.christofwackernagel.de\/aktuelles\/wp-json\/wp\/v2\/users\/1"}],"replies":[{"embeddable":true,"href":"http:\/\/www.christofwackernagel.de\/aktuelles\/wp-json\/wp\/v2\/comments?post=11"}],"version-history":[{"count":11,"href":"http:\/\/www.christofwackernagel.de\/aktuelles\/wp-json\/wp\/v2\/pages\/11\/revisions"}],"predecessor-version":[{"id":400,"href":"http:\/\/www.christofwackernagel.de\/aktuelles\/wp-json\/wp\/v2\/pages\/11\/revisions\/400"}],"wp:attachment":[{"href":"http:\/\/www.christofwackernagel.de\/aktuelles\/wp-json\/wp\/v2\/media?parent=11"}],"curies":[{"name":"wp","href":"https:\/\/api.w.org\/{rel}","templated":true}]}}