{"id":262,"date":"2017-02-11T14:22:43","date_gmt":"2017-02-11T12:22:43","guid":{"rendered":"http:\/\/www.christofwackernagel.de\/aktuelles\/?page_id=262"},"modified":"2020-09-21T16:42:03","modified_gmt":"2020-09-21T14:42:03","slug":"verlagsneuerscheinungen","status":"publish","type":"page","link":"http:\/\/www.christofwackernagel.de\/aktuelles\/beispiel-seite\/verlagsneuerscheinungen\/","title":{"rendered":"Verlagsneuerscheinungen"},"content":{"rendered":"<h1><\/h1>\n<h2><em>brandneu:<\/em><\/h2>\n<h1><strong>Politik des Traums<\/strong><\/h1>\n<h1>Kunstwerk Traum &#8211; Schl\u00fcssel zur Utopie<\/h1>\n<p><img decoding=\"async\" src=\"https:\/\/zuklampen.de\/images\/com_bcpublisher\/book\/966\/thumbs\/9783866746206_210x350_scale.jpg\" alt=\"Cover: Politik des Traums\" \/><\/p>\n<p>Tr\u00e4ume entpuppen sich in Wackernagels ebenso schonungsloser wie hintergr\u00fcndiger Traumanalyse als Soziogramme, als Albtr\u00e4ume, die die Verfassung der Gesellschaft widerspiegeln, sowie als gesellschaftliche Wunschtr\u00e4ume, die auf das tr\u00e4umende Individuum abgestimmte Ma\u00dfst\u00e4be f\u00fcr ein anderes Leben anbieten.<\/p>\n<h4>\u00bbDer Traum deutet nicht die Verh\u00e4ltnisse, er stellt sie dar. Diese Darstellung kann helfen, die Verh\u00e4ltnisse zu erkennen.\u00ab<\/h4>\n<h2>sowie<\/h2>\n<h1>Traumprotokolle<\/h1>\n<h1>1978 bis 2020<\/h1>\n<p><img decoding=\"async\" src=\"https:\/\/zuklampen.de\/images\/com_bcpublisher\/book\/967\/thumbs\/9783866746213_210x350_scale.jpg\" alt=\"Cover: Traumprotokolle\" \/><\/p>\n<p><img decoding=\"async\" src=\"https:\/\/zuklampen.de\/images\/com_bcpublisher\/book\/968\/thumbs\/9783866746220_210x350_scale.jpg\" alt=\"Cover: Traumprotokolle\" \/><\/p>\n<p><img decoding=\"async\" src=\"https:\/\/zuklampen.de\/images\/com_bcpublisher\/book\/980\/thumbs\/9783866746312_210x350_scale.jpg\" alt=\"Cover: Traumprotokolle\" \/><\/p>\n<p>Nach jahrelanger Besch\u00e4ftigung mit den Tr\u00e4umen entdeckte Christof Wackernagel das revolution\u00e4re Potenzial des Traums. Er begab sich damit auf eine Forschungsreise ins Unbewusste, die in den Tiefen des individuellen Geistes begann und bis ins Herz der Gesellschaft f\u00fchrte. Nach \u00fcber vierzig Jahren des Selbstexperiments legt er nun mit der Traumprotokollsammlung Texte vor, die den Zustand unserer Gesellschaft vor Augen f\u00fchren, indem sie den Blick auf deren getr\u00e4umtes Spiegelbild in einem individuellen Bewusstsein wagen.<\/p>\n<h4>\u00bbTraumprotokolle sind die Plots der Kunstwerke, nicht die Kunstwerke selbst. Der Traum ist das Kunstwerk.\u00ab<\/h4>\n<h2>aktuell zur Lage in Mali:<\/h2>\n<h1>Reden statt schiessen<\/h1>\n<p><img decoding=\"async\" src=\"https:\/\/zuklampen.de\/images\/com_bcpublisher\/book\/909\/thumbs\/9783866745865_210x350_scale.jpg\" alt=\"Cover: Reden statt schie\u00dfen\" \/><\/p>\n<p>Mit seinem \u00bbPutschtagebuch\u00ab schildert Wackernagel politische und private Begebenheiten aus anderthalb Jahren Ausnahmezustand, zeichnet pers\u00f6nliche Betroffenheit und die Stimmung der Bev\u00f6lkerung nach. Sein Miterleben des Putsches und seine Kenntnis der malischen Kultur machen seine Analyse des Geschehens herausragend und zeigen umso deutlicher, was Europa von Afrika lernen kann.<\/p>\n<h4>Wackernagel war w\u00e4hrend des Milit\u00e4rputsches in Mali 2012 sowohl Betroffener als auch Beobachter. Er beschreibt, wie eine auf Frieden und Vermittlung bedachte Gesellschaft auf den milit\u00e4rischen Umsturz reagierte.<\/h4>\n<h1>Zur Buchmesse 2017:<\/h1>\n<p><span style=\"font-size: 14pt;\">RAF oder Hollywood<\/span><\/p>\n<h1><a href=\"http:\/\/www.christofwackernagel.de\/aktuelles\/wp-content\/uploads\/2017\/02\/02_Wackernagel_RAF-oder-Hollywood.jpg\"><img loading=\"lazy\" decoding=\"async\" class=\"alignnone size-medium wp-image-354\" src=\"http:\/\/www.christofwackernagel.de\/aktuelles\/wp-content\/uploads\/2017\/02\/02_Wackernagel_RAF-oder-Hollywood-177x300.jpg\" alt=\"\" width=\"177\" height=\"300\" srcset=\"http:\/\/www.christofwackernagel.de\/aktuelles\/wp-content\/uploads\/2017\/02\/02_Wackernagel_RAF-oder-Hollywood-177x300.jpg 177w, http:\/\/www.christofwackernagel.de\/aktuelles\/wp-content\/uploads\/2017\/02\/02_Wackernagel_RAF-oder-Hollywood-768x1301.jpg 768w, http:\/\/www.christofwackernagel.de\/aktuelles\/wp-content\/uploads\/2017\/02\/02_Wackernagel_RAF-oder-Hollywood-605x1024.jpg 605w, http:\/\/www.christofwackernagel.de\/aktuelles\/wp-content\/uploads\/2017\/02\/02_Wackernagel_RAF-oder-Hollywood-624x1057.jpg 624w, http:\/\/www.christofwackernagel.de\/aktuelles\/wp-content\/uploads\/2017\/02\/02_Wackernagel_RAF-oder-Hollywood.jpg 1458w\" sizes=\"auto, (max-width: 177px) 100vw, 177px\" \/><\/a><\/h1>\n<p><span style=\"font-size: 14pt;\">Tagebuch einer gescheiterten Utopie. Geschichten, Begegnungen, Reflexionen aus den Jahren 1955 bis 1977<\/span><\/p>\n<h1>Zur Buchmesse 2016 erschien:<\/h1>\n<h3>Selbstentf\u00fchrung<\/h3>\n<p><a href=\"http:\/\/www.christofwackernagel.de\/aktuelles\/wp-content\/uploads\/2017\/02\/Selbstentf\u00fchrung-1-e1488534362915.jpg\"><img loading=\"lazy\" decoding=\"async\" class=\"alignnone size-medium wp-image-289\" src=\"http:\/\/www.christofwackernagel.de\/aktuelles\/wp-content\/uploads\/2017\/02\/Selbstentf\u00fchrung-1-e1488534362915-169x300.jpg\" alt=\"\" width=\"169\" height=\"300\" \/><\/a><\/p>\n<p>Das ist die Reise zweier Freunde von Deutschland nach Mali. Eine autobiografische Drogenroadstory zwischen Krautrock, Roter Armee Fraktion und Entwicklungspolitik.<\/p>\n<p>Retap Verlag, D\u00fcsseldorf 2016<\/p>\n<p><iframe loading=\"lazy\" title=\"Lesung auf der Buchmesse 2016\" width=\"625\" height=\"352\" src=\"https:\/\/www.youtube.com\/embed\/Qc-ejqhKiTw?feature=oembed\" frameborder=\"0\" allow=\"accelerometer; autoplay; clipboard-write; encrypted-media; gyroscope; picture-in-picture; web-share\" referrerpolicy=\"strict-origin-when-cross-origin\" allowfullscreen><\/iframe><\/p>\n<h1>Zur Buchmesse 2015:<\/h1>\n<h3>verlogen, dumm und unversch\u00e4mt &#8211;<br \/>\nKulturindustrie von 1977 bis heute.<\/h3>\n<p><a href=\"http:\/\/www.christofwackernagel.de\/aktuelles\/wp-content\/uploads\/2017\/02\/20151014_123627-e1488533205288.jpg\"><img loading=\"lazy\" decoding=\"async\" class=\"alignnone size-medium wp-image-286\" src=\"http:\/\/www.christofwackernagel.de\/aktuelles\/wp-content\/uploads\/2017\/02\/20151014_123627-e1488533205288-180x300.jpg\" alt=\"\" width=\"180\" height=\"300\" srcset=\"http:\/\/www.christofwackernagel.de\/aktuelles\/wp-content\/uploads\/2017\/02\/20151014_123627-e1488533205288-180x300.jpg 180w, http:\/\/www.christofwackernagel.de\/aktuelles\/wp-content\/uploads\/2017\/02\/20151014_123627-e1488533205288-768x1280.jpg 768w, http:\/\/www.christofwackernagel.de\/aktuelles\/wp-content\/uploads\/2017\/02\/20151014_123627-e1488533205288-614x1024.jpg 614w, http:\/\/www.christofwackernagel.de\/aktuelles\/wp-content\/uploads\/2017\/02\/20151014_123627-e1488533205288-624x1040.jpg 624w, http:\/\/www.christofwackernagel.de\/aktuelles\/wp-content\/uploads\/2017\/02\/20151014_123627-e1488533205288.jpg 1536w\" sizes=\"auto, (max-width: 180px) 100vw, 180px\" \/><\/a><\/p>\n<p>Die Kulturindustrie ist die Werbeabteilung der Politik. Sie ist Teil des Krieges.<\/p>\n<p>Beitr\u00e4ge zum Bild der Rote Armee Fraktion, Gewalt im Fernsehen, Sprachverbiegung, Ablenkung von den herrschenden Interessen, Genitalverst\u00fcmmelung an m\u00e4nnlichen Kleinkindern und vielem Anderem.<\/p>\n<h1><\/h1>\n<h1>Zur Buchmesse 2013 erschien:<br \/>\nReden statt schiessen<\/h1>\n<p><a href=\"http:\/\/www.christofwackernagel.de\/aktuelles\/wp-content\/uploads\/2017\/02\/Reden-statt-schiessen-e1488533123604.jpg\"><img loading=\"lazy\" decoding=\"async\" class=\"alignnone size-medium wp-image-284\" src=\"http:\/\/www.christofwackernagel.de\/aktuelles\/wp-content\/uploads\/2017\/02\/Reden-statt-schiessen-e1488533123604-169x300.jpg\" alt=\"\" width=\"169\" height=\"300\" srcset=\"http:\/\/www.christofwackernagel.de\/aktuelles\/wp-content\/uploads\/2017\/02\/Reden-statt-schiessen-e1488533123604-169x300.jpg 169w, http:\/\/www.christofwackernagel.de\/aktuelles\/wp-content\/uploads\/2017\/02\/Reden-statt-schiessen-e1488533123604-768x1365.jpg 768w, http:\/\/www.christofwackernagel.de\/aktuelles\/wp-content\/uploads\/2017\/02\/Reden-statt-schiessen-e1488533123604-576x1024.jpg 576w, http:\/\/www.christofwackernagel.de\/aktuelles\/wp-content\/uploads\/2017\/02\/Reden-statt-schiessen-e1488533123604-624x1109.jpg 624w, http:\/\/www.christofwackernagel.de\/aktuelles\/wp-content\/uploads\/2017\/02\/Reden-statt-schiessen-e1488533123604.jpg 1152w\" sizes=\"auto, (max-width: 169px) 100vw, 169px\" \/><\/a><\/p>\n<p>Milit\u00e4rputsch mal anders \u2013 Reden statt schie\u00dfen in Mali<br \/>\nChristof Wackernagel schrieb Tagebuch \u00fcber den Putsch in Mali und dessen Folgen<br \/>\nDer Schauspieler und Ex-RAF-Mann Christof Wackernagel lebte von 2003-2013 in Mali, dem<br \/>\nLand, das derzeit Mittelpunkt der Debatte um einen Einsatz der Bundeswehr in Afrika ist.<br \/>\nEr erlebte den Milit\u00e4rputsch in Malis Hauptstadt Bamako im M\u00e4rz 2012 hautnah mit und hat in<br \/>\nseinem \u00bbPutschtagebuch\u00ab \u2013 erschienen im Prospero Verlag \u2013 festgehalten, wie Politiker und<br \/>\nBev\u00f6lkerung einer eigentlich auf Frieden und Vermittlung bedachten Gesellschaft auf den<br \/>\nmilit\u00e4rischen Aufruhr reagierten.<br \/>\nDenn was Wackernagel in Mali fand, war eine Kultur des Dialogs, die ihn fesselte und<br \/>\nnachhaltig ber\u00fchrte. In Mali werden Konflikte diskutiert und mit Hilfe von Mediatoren<br \/>\ngeschlichtet. Ein ungeschriebenes, aber gesellschaftlich verankertes Gesetz, das das friedliche<br \/>\nZusammenleben verschiedener Ethnien innerhalb der postkolonialen Landesgrenzen sichern<br \/>\nsoll.<br \/>\nDIE WELT (Jonathan Fischer, 13.01.2014) meint:<br \/>\nEs \u00bbkennt sich wohl niemand in Deutschland besser mit den Winkelz\u00fcgen malischer Politik aus<br \/>\nals Wackernagel. Er liest die gro\u00dfen globalen Zusammenh\u00e4nge aus dem afrikanischen<br \/>\nNachrichten-Dschungel heraus. Das macht Wackernagels \u203aReden statt Schie\u00dfen in Mali\u2039 zu<br \/>\neiner unentbehrlichen Lekt\u00fcre f\u00fcr jeden, der verstehen will, wie die politischen Ersch\u00fctterungen<br \/>\nin einem vermeintlich unbedeutenden westafrikanischen Land nicht nur mit dem Schicksal der<br \/>\nganzen Region, sondern auch der Zukunft unserer westlichen Welt verflochten sind.\u00ab<br \/>\nChristof Wackernagel,<br \/>\n\u00bbReden statt schie\u00dfen.<br \/>\nMilit\u00e4rputsch in Malis Kultur des Dialogs. Ein Tagebuch\u00ab<br \/>\nKlappenbroschur, 207 Seiten, 17,95 Euro<br \/>\nISBN: 978-3-941688-48-3<br \/>\nF\u00fcr Rezensionsexemplare und Interviewanfragen wenden Sie sich bitte an<br \/>\nLisa Handirk \u2022 handirk@prospero-verlag.de \u2022 <img decoding=\"async\" src=\"resource:\/\/skype_ff_extension-at-jetpack\/skype_ff_extension\/data\/call_skype_logo.png\" alt=\"\" \/>0251-620 650 811<br \/>\nProspero Verlag \u2022 Am Hawerkamp 31 \u2022 48155 M\u00fcnster<br \/>\nwww.prospero-verlag.de<\/p>\n<h1><\/h1>\n<h1><strong>Zur Buchmesse 2012 erschien:<\/strong><\/h1>\n<p><img loading=\"lazy\" decoding=\"async\" class=\"alignnone\" src=\"http:\/\/www.martin-schmitz-verlag.de\/Wackernagel\/57-0.jpg\" width=\"250\" height=\"391\" border=\"0\" \/><\/p>\n<h4>216 Seiten, ISBN 978-3-927795-57-0, 16,80 Euro<\/h4>\n<p>F\u00fcr Menschen, die mein Vertrauen missbrauchen, mich hintergehen und bel\u00fcgen, bin ich gef\u00e4hrlich \u2026 Mit mir treibt man keine Spielchen, schon gar nicht, wenn man sie mit einer angeblichen Verschiedenheit der Kulturen begr\u00fcnden will\u201c, schreibt Schauspieler, Autor und das ehemalige Mitglied der RAF Christof Wackernagel in einem Brief 2006. Der mit dieser universellen Moral bewaffnete Kampf um die W\u00fcrde des Menschen muss, das ist Wackernagels Fazit in den Malischen Geschichten, in allt\u00e4glichen Situationen ausgetragen werden, weil nur so gleiche Bedingungen herrschen und nicht das Gef\u00e4lle besteht, das die Schieflage der sogenannten Entwicklungspolitik bestimmt. Die Moral, die Christof Wackernagel im Sinn hat, ist nicht die der \u201eMenschenrechte\u201c, sie ist kein weltanschauliches oder politisches Konstrukt, das Afrika auf europ\u00e4isches Niveau bringen soll, sondern eine transkulturelle Tatsache, die jeder am eigenen Leib erfahren kann, der sich, egal an welchem Ort der Welt, ins allt\u00e4gliche Handgemenge begibt, von dem dieses Buch anschaulich und spannend erz\u00e4hlt. (Bernd Leineweber)<\/p>\n<p><a href=\"http:\/\/www.martin-schmitz-verlag.de\/Wackernagel\/Buch.html\">http:\/\/www.martin-schmitz-verlag.de\/Wackernagel\/Buch.html<\/a><\/p>\n<h4>Bereits zur Buchmesse 2011 erschienen, dennoch aktueller denn je:<\/h4>\n<h1><em><strong>es<\/strong><\/em><\/h1>\n<h3>&#8211; traumtrilogie<\/h3>\n<p><a href=\"http:\/\/www.es.christofwackernagel.de\/index.html\">http:\/\/www.es.christofwackernagel.de\/index.html<\/a><\/p>\n<p><a href=\"http:\/\/www.christofwackernagel.de\/aktuelles\/wp-content\/uploads\/2013\/06\/buchgedreht.gif\"><img loading=\"lazy\" decoding=\"async\" class=\"alignnone size-full wp-image-25\" src=\"http:\/\/www.christofwackernagel.de\/aktuelles\/wp-content\/uploads\/2013\/06\/buchgedreht.gif\" alt=\"buchgedreht\" width=\"366\" height=\"439\" \/><\/a><\/p>\n<p>der Kurzeinblick in\u00a0 das<br \/>\n&#8222;wahnsinnigste Buch nicht nur dieses Jahres&#8220; (S\u00fcddeutsche Zeitung):<\/p>\n<p>es &#8211; Traumtrilogie:<\/p>\n<p><a href=\"http:\/\/youtu.be\/9u2rkQXSywM\" target=\"_blank\" rel=\"noopener noreferrer\">http:\/\/youtu.be\/9u2rkQXSywM<\/a><\/p>\n<p><strong>\u00a0ebenfalls zur buchmesse 2011 erschien:<\/strong><\/p>\n<div><a title=\"Mehr \u00fcber:&lt;br \/&gt;&lt;br \/&gt; Der Fluch der Dogon\" href=\"http:\/\/www.edition-nautilus.de\/programm\/belletristik\/buch-978-3-89401-749-1.html\"><img loading=\"lazy\" decoding=\"async\" src=\"http:\/\/www.edition-nautilus.de\/xbilder\/xbuchtitel\/Cover_Dogon_90_L.jpg\" alt=\"Der Fluch der Dogon\" width=\"257\" height=\"396\" border=\"0\" \/><\/a><\/div>\n<div><a title=\"Mehr \u00fcber:&lt;br \/&gt;&lt;br \/&gt; Der Fluch der Dogon\" href=\"http:\/\/www.edition-nautilus.de\/programm\/belletristik\/buch-978-3-89401-749-1.html\"> &#8230; mehr<\/a><\/div>\n<h1><a title=\"Mehr \u00fcber:&lt;br \/&gt;&lt;br \/&gt; Der Fluch der Dogon\" href=\"http:\/\/www.edition-nautilus.de\/programm\/belletristik\/buch-978-3-89401-749-1.html\">Der Fluch der Dogon<\/a><\/h1>\n<p>Kriminalroman<\/p>\n<div>\n<div>\n<p>Stefan hat Deutschland schon vor Jahrzehnten den R\u00fccken gekehrt und lebt als Schreiner in Mali, er f\u00fchlt sich nahezu heimisch in Bamako unter seinen malischen Freunden. F\u00fcr einen der reichsten M\u00e4nner der Stadt eine K\u00fcche anzufertigen, scheint ihm ein lukrativer Auftrag, doch dann begegnet er dessen Frau und verliebt sich auf der Stelle \u2013 was Folgen hat! Denn Fatoumata ist, wenn auch unfreiwillig, in die Kunstschiebergesch\u00e4fte ihres Ehemanns verwickelt.<\/p>\n<div>\n<div>\n<div><a title=\"978-3-89401-749-1 bestellen\" href=\"http:\/\/www.edition-nautilus.de\/programm\/gesamt\/list-all.html?i=433&amp;plus=1\">\u00a0<\/a><\/div>\n<div><a title=\"Zum Warenkorb\" href=\"http:\/\/www.edition-nautilus.de\/warenkorb\/warenkorb.html\">\u00a0<\/a><\/div>\n<\/div>\n<div>ISBN 978-3-89401-749-1<\/div>\n<\/div>\n<\/div>\n<\/div>\n","protected":false},"excerpt":{"rendered":"<p>brandneu: Politik des Traums Kunstwerk Traum &#8211; Schl\u00fcssel zur Utopie Tr\u00e4ume entpuppen sich in Wackernagels ebenso schonungsloser wie hintergr\u00fcndiger Traumanalyse als Soziogramme, als Albtr\u00e4ume, die die Verfassung der Gesellschaft widerspiegeln, sowie als gesellschaftliche Wunschtr\u00e4ume, die auf das tr\u00e4umende Individuum abgestimmte Ma\u00dfst\u00e4be f\u00fcr ein anderes Leben anbieten. \u00bbDer Traum deutet nicht die Verh\u00e4ltnisse, er stellt sie [&hellip;]<\/p>\n","protected":false},"author":1,"featured_media":0,"parent":2,"menu_order":0,"comment_status":"closed","ping_status":"closed","template":"page-templates\/full-width.php","meta":{"footnotes":""},"class_list":["post-262","page","type-page","status-publish","hentry"],"_links":{"self":[{"href":"http:\/\/www.christofwackernagel.de\/aktuelles\/wp-json\/wp\/v2\/pages\/262","targetHints":{"allow":["GET"]}}],"collection":[{"href":"http:\/\/www.christofwackernagel.de\/aktuelles\/wp-json\/wp\/v2\/pages"}],"about":[{"href":"http:\/\/www.christofwackernagel.de\/aktuelles\/wp-json\/wp\/v2\/types\/page"}],"author":[{"embeddable":true,"href":"http:\/\/www.christofwackernagel.de\/aktuelles\/wp-json\/wp\/v2\/users\/1"}],"replies":[{"embeddable":true,"href":"http:\/\/www.christofwackernagel.de\/aktuelles\/wp-json\/wp\/v2\/comments?post=262"}],"version-history":[{"count":14,"href":"http:\/\/www.christofwackernagel.de\/aktuelles\/wp-json\/wp\/v2\/pages\/262\/revisions"}],"predecessor-version":[{"id":387,"href":"http:\/\/www.christofwackernagel.de\/aktuelles\/wp-json\/wp\/v2\/pages\/262\/revisions\/387"}],"up":[{"embeddable":true,"href":"http:\/\/www.christofwackernagel.de\/aktuelles\/wp-json\/wp\/v2\/pages\/2"}],"wp:attachment":[{"href":"http:\/\/www.christofwackernagel.de\/aktuelles\/wp-json\/wp\/v2\/media?parent=262"}],"curies":[{"name":"wp","href":"https:\/\/api.w.org\/{rel}","templated":true}]}}