{"id":1125,"date":"2016-09-15T17:03:29","date_gmt":"2016-09-15T15:03:29","guid":{"rendered":"http:\/\/www.christofwackernagel.de\/hieroglyphentexte\/?page_id=1125"},"modified":"2016-09-16T13:13:13","modified_gmt":"2016-09-16T11:13:13","slug":"1125-2","status":"publish","type":"page","link":"http:\/\/www.christofwackernagel.de\/hieroglyphentexte\/","title":{"rendered":""},"content":{"rendered":"<p style=\"text-align: right;\"><span style=\"font-family: arial,helvetica,sans-serif;\"><span style=\"font-size: 12px;\"><a href=\"http:\/\/www.christofwackernagel.de\/hieroglyphics\/\" target=\"_blank\">Englisch \u00a0\u00a0<\/a> <\/span><\/span><span style=\"font-family: arial,helvetica,sans-serif;\"><span style=\"font-size: 12px;\"><img loading=\"lazy\" decoding=\"async\" class=\"wp-image-991 alignnone\" src=\"http:\/\/www.christofwackernagel.de\/hieroglyphentexte\/wp-content\/uploads\/gb.gif\" alt=\"gb\" width=\"20\" height=\"14\" \/><\/span><\/span><span style=\"font-family: arial,helvetica,sans-serif;\"><span style=\"font-size: 12px;\"><br \/>\n<\/span><\/span><\/p>\n<p style=\"text-align: left;\"><span style=\"font-family: helvetica,arial,sans-serif; font-size: 32px;\">Hieroglyphentexte erz\u00e4hlen Geschichten, halten Notizen fest, sind Abrechnungen,\u00a0 Traumprotokolle, Halluzinationen, L\u00fcgen, M\u00e4rchen, Grundrisse, Dialoge, Plots, pseudowissenschaftliche Erg\u00fcsse, Landschaftsbeschreibungen und vieles mehr. <\/span><\/p>\n","protected":false},"excerpt":{"rendered":"<p>Englisch \u00a0\u00a0 Hieroglyphentexte erz\u00e4hlen Geschichten, halten Notizen fest, sind Abrechnungen,\u00a0 Traumprotokolle, Halluzinationen, L\u00fcgen, M\u00e4rchen, Grundrisse, Dialoge, Plots, pseudowissenschaftliche Erg\u00fcsse, Landschaftsbeschreibungen und vieles mehr.<\/p>\n","protected":false},"author":1,"featured_media":0,"parent":0,"menu_order":0,"comment_status":"closed","ping_status":"closed","template":"","meta":{"ngg_post_thumbnail":0,"footnotes":""},"class_list":["post-1125","page","type-page","status-publish","hentry"],"_links":{"self":[{"href":"http:\/\/www.christofwackernagel.de\/hieroglyphentexte\/wp-json\/wp\/v2\/pages\/1125","targetHints":{"allow":["GET"]}}],"collection":[{"href":"http:\/\/www.christofwackernagel.de\/hieroglyphentexte\/wp-json\/wp\/v2\/pages"}],"about":[{"href":"http:\/\/www.christofwackernagel.de\/hieroglyphentexte\/wp-json\/wp\/v2\/types\/page"}],"author":[{"embeddable":true,"href":"http:\/\/www.christofwackernagel.de\/hieroglyphentexte\/wp-json\/wp\/v2\/users\/1"}],"replies":[{"embeddable":true,"href":"http:\/\/www.christofwackernagel.de\/hieroglyphentexte\/wp-json\/wp\/v2\/comments?post=1125"}],"version-history":[{"count":5,"href":"http:\/\/www.christofwackernagel.de\/hieroglyphentexte\/wp-json\/wp\/v2\/pages\/1125\/revisions"}],"predecessor-version":[{"id":1133,"href":"http:\/\/www.christofwackernagel.de\/hieroglyphentexte\/wp-json\/wp\/v2\/pages\/1125\/revisions\/1133"}],"wp:attachment":[{"href":"http:\/\/www.christofwackernagel.de\/hieroglyphentexte\/wp-json\/wp\/v2\/media?parent=1125"}],"curies":[{"name":"wp","href":"https:\/\/api.w.org\/{rel}","templated":true}]}}