{"id":1401,"date":"2016-12-13T13:30:35","date_gmt":"2016-12-13T12:30:35","guid":{"rendered":"http:\/\/www.christofwackernagel.de\/hieroglyphentexte\/?page_id=1401"},"modified":"2023-11-07T07:19:44","modified_gmt":"2023-11-07T06:19:44","slug":"schriftstuecke","status":"publish","type":"page","link":"http:\/\/www.christofwackernagel.de\/hieroglyphentexte\/schriftstuecke\/","title":{"rendered":"Schriftstuecke"},"content":{"rendered":"<p style=\"text-align: right;\"><a href=\"http:\/\/www.christofwackernagel.de\/hieroglyphics\/compositions\/\" target=\"_blank\" rel=\"noopener\"><span style=\"font-size: 14px; font-family: helvetica,arial,sans-serif;\">Englisch<\/span><\/a>&nbsp; <img loading=\"lazy\" decoding=\"async\" class=\"alignnone size-full wp-image-991\" src=\"http:\/\/www.christofwackernagel.de\/hieroglyphentexte\/wp-content\/uploads\/gb.gif\" alt=\"gb\" width=\"16\" height=\"11\"><\/p>\n<p><span style=\"font-family: helvetica,arial,sans-serif;\">Alle hier gezeigten Werke sind originale Unikate, vom K\u00fcnstler datiert und signiert.<\/span><br \/>\n<span style=\"font-family: helvetica,arial,sans-serif;\">\u00a9 1980 \u2013 2016: Alle auf dieser Seite dargestellten Bilder, Fotos und Texte sind urheberrechtlich gesch\u00fctzt von Christof Wackernagel.<\/span><\/p>\n<p><strong>Schriftst\u00fcck I<\/strong><br \/>\nTusche auf Zeitungspapier, 1984<\/p>\n<p>ngg_shortcode_0_placeholder<br \/>\n<strong>Schriftst\u00fcck II<\/strong><br \/>\nTusche auf Zeitungspapier, 1984<\/p>\n<p>ngg_shortcode_1_placeholder<br \/>\n<strong>Schriftst\u00fcck III<\/strong><br \/>\nTusche auf Zeitungspapier, 1984<\/p>\n<p>ngg_shortcode_2_placeholder<br \/>\n<strong>Schriftst\u00fcck IV<\/strong><br \/>\nTusche auf Zeitungspapier, 1984<\/p>\n<p>ngg_shortcode_3_placeholder<br \/>\n<strong>Schriftst\u00fcck V<\/strong><br \/>\nTusche auf Zeitungspapier, 1984<\/p>\nngg_shortcode_4_placeholder\n","protected":false},"excerpt":{"rendered":"<p>Englisch&nbsp; Alle hier gezeigten Werke sind originale Unikate, vom K\u00fcnstler datiert und signiert. \u00a9 1980 \u2013 2016: Alle auf dieser Seite dargestellten Bilder, Fotos und Texte sind urheberrechtlich gesch\u00fctzt von Christof Wackernagel. Schriftst\u00fcck I Tusche auf Zeitungspapier, 1984 Schriftst\u00fcck II Tusche auf Zeitungspapier, 1984 Schriftst\u00fcck III Tusche auf Zeitungspapier, 1984 Schriftst\u00fcck IV Tusche auf Zeitungspapier, &hellip; <a href=\"http:\/\/www.christofwackernagel.de\/hieroglyphentexte\/schriftstuecke\/\" class=\"more-link\"><span class=\"screen-reader-text\">\u201eSchriftstuecke\u201c<\/span> weiterlesen<\/a><\/p>\n","protected":false},"author":1,"featured_media":0,"parent":0,"menu_order":0,"comment_status":"closed","ping_status":"closed","template":"","meta":{"ngg_post_thumbnail":0,"footnotes":""},"class_list":["post-1401","page","type-page","status-publish","hentry"],"_links":{"self":[{"href":"http:\/\/www.christofwackernagel.de\/hieroglyphentexte\/wp-json\/wp\/v2\/pages\/1401","targetHints":{"allow":["GET"]}}],"collection":[{"href":"http:\/\/www.christofwackernagel.de\/hieroglyphentexte\/wp-json\/wp\/v2\/pages"}],"about":[{"href":"http:\/\/www.christofwackernagel.de\/hieroglyphentexte\/wp-json\/wp\/v2\/types\/page"}],"author":[{"embeddable":true,"href":"http:\/\/www.christofwackernagel.de\/hieroglyphentexte\/wp-json\/wp\/v2\/users\/1"}],"replies":[{"embeddable":true,"href":"http:\/\/www.christofwackernagel.de\/hieroglyphentexte\/wp-json\/wp\/v2\/comments?post=1401"}],"version-history":[{"count":14,"href":"http:\/\/www.christofwackernagel.de\/hieroglyphentexte\/wp-json\/wp\/v2\/pages\/1401\/revisions"}],"predecessor-version":[{"id":3412,"href":"http:\/\/www.christofwackernagel.de\/hieroglyphentexte\/wp-json\/wp\/v2\/pages\/1401\/revisions\/3412"}],"wp:attachment":[{"href":"http:\/\/www.christofwackernagel.de\/hieroglyphentexte\/wp-json\/wp\/v2\/media?parent=1401"}],"curies":[{"name":"wp","href":"https:\/\/api.w.org\/{rel}","templated":true}]}}