{"id":2,"date":"2016-08-28T13:03:45","date_gmt":"2016-08-28T11:03:45","guid":{"rendered":"http:\/\/www.christofwackernagel.de\/hieroglyphentexte\/?page_id=2"},"modified":"2016-10-06T07:56:46","modified_gmt":"2016-10-06T05:56:46","slug":"christof-wackernagel","status":"publish","type":"page","link":"http:\/\/www.christofwackernagel.de\/hieroglyphentexte\/christof-wackernagel\/","title":{"rendered":"Christof Wackernagel"},"content":{"rendered":"<p style=\"text-align: right;\"><span style=\"font-family: arial,helvetica,sans-serif;\"><span style=\"font-size: 12px;\"><a href=\"http:\/\/www.christofwackernagel.de\/hieroglyphics\/christof-wackernagel\" target=\"_blank\">Englisch \u00a0\u00a0<\/a> <\/span><\/span><span style=\"font-family: arial,helvetica,sans-serif;\"><span style=\"font-size: 12px;\"><img loading=\"lazy\" decoding=\"async\" class=\"wp-image-991 alignnone\" src=\"http:\/\/www.christofwackernagel.de\/hieroglyphentexte\/wp-content\/uploads\/gb.gif\" alt=\"gb\" width=\"20\" height=\"14\" \/><\/span><\/span><span style=\"font-family: arial,helvetica,sans-serif;\"><span style=\"font-size: 12px;\"><br \/>\n<\/span><\/span><\/p>\n<p><span style=\"font-family: helvetica,arial,sans-serif;\"><img loading=\"lazy\" decoding=\"async\" class=\"size-medium wp-image-32 alignright\" src=\"http:\/\/www.christofwackernagel.de\/hieroglyphentexte\/wp-content\/uploads\/2016\/08\/799265_de_img_4795kl-300x200.jpg\" alt=\"portrait cw\" width=\"300\" height=\"200\" \/><\/span><\/p>\n<p><span style=\"font-family: helvetica,arial,sans-serif;\">1951 in Ulm geboren, Schule in M\u00fcnchen. Ab 1967 Mitglied der Stuttgarter Medienkommune \u00bbProduktionsgemeinschaft Schrift, Ton und Bild\u00ab, die sich zum Ziel gesetzt hatte, die damals lebendigen sozialrevolution\u00e4ren politischen Str\u00f6mungen mit den subkulturell k\u00fcnstlerischen im Sinne einer Einheit von Zusammenleben und politischer Bewegung zu verbinden, und Wilhelm Reich, das \u00bbliving theatre\u00ab, aber auch unbekannte K\u00fcnstler publizierte, als Musikgruppe auftrat und Super 8 und Videofilme produzierte, zuletzt \u00bbDer Vietnamkrieg ist in der BRD noch nicht zu Ende\u00ab; als Schauspieler spielte er die Hauptrolle in dem Film \u00bbT\u00e4towierung\u00ab und anderen, durchgehende Serienrollen und Fernsehspiele.<\/span><\/p>\n<p><span style=\"font-family: helvetica,arial,sans-serif;\">1977 Mitglied der Roten Armee Fraktion, Inhaftierung in Amsterdam und 1980 Verurteilung in D\u00fcsseldorf zu f\u00fcnfzehn Jahren Haft.<\/span><\/p>\n<p><span style=\"font-family: helvetica,arial,sans-serif;\">Ab 1987 in Bochum lebend, als Autor, <em>Hieroglyphen<\/em>erfinder und Schauspieler t\u00e4tig. 1999 Initiator des Kulturkarawanenprojekts \u00bbQafilat as-Salam\u00ab.<\/span><\/p>\n<p><span style=\"font-family: helvetica,arial,sans-serif;\">Von 2003 bis 2013 in Bamako, Mali, lebend.<\/span><\/p>\n<p><span style=\"font-family: helvetica,arial,sans-serif;\">Seitdem wieder in Deutschland.<\/span><\/p>\n","protected":false},"excerpt":{"rendered":"<p>Englisch \u00a0\u00a0 1951 in Ulm geboren, Schule in M\u00fcnchen. Ab 1967 Mitglied der Stuttgarter Medienkommune \u00bbProduktionsgemeinschaft Schrift, Ton und Bild\u00ab, die sich zum Ziel gesetzt hatte, die damals lebendigen sozialrevolution\u00e4ren politischen Str\u00f6mungen mit den subkulturell k\u00fcnstlerischen im Sinne einer Einheit von Zusammenleben und politischer Bewegung zu verbinden, und Wilhelm Reich, das \u00bbliving theatre\u00ab, aber auch &hellip; <a href=\"http:\/\/www.christofwackernagel.de\/hieroglyphentexte\/christof-wackernagel\/\" class=\"more-link\"><span class=\"screen-reader-text\">\u201eChristof Wackernagel\u201c<\/span> weiterlesen<\/a><\/p>\n","protected":false},"author":1,"featured_media":0,"parent":0,"menu_order":0,"comment_status":"closed","ping_status":"open","template":"","meta":{"ngg_post_thumbnail":0,"footnotes":""},"class_list":["post-2","page","type-page","status-publish","hentry"],"_links":{"self":[{"href":"http:\/\/www.christofwackernagel.de\/hieroglyphentexte\/wp-json\/wp\/v2\/pages\/2","targetHints":{"allow":["GET"]}}],"collection":[{"href":"http:\/\/www.christofwackernagel.de\/hieroglyphentexte\/wp-json\/wp\/v2\/pages"}],"about":[{"href":"http:\/\/www.christofwackernagel.de\/hieroglyphentexte\/wp-json\/wp\/v2\/types\/page"}],"author":[{"embeddable":true,"href":"http:\/\/www.christofwackernagel.de\/hieroglyphentexte\/wp-json\/wp\/v2\/users\/1"}],"replies":[{"embeddable":true,"href":"http:\/\/www.christofwackernagel.de\/hieroglyphentexte\/wp-json\/wp\/v2\/comments?post=2"}],"version-history":[{"count":15,"href":"http:\/\/www.christofwackernagel.de\/hieroglyphentexte\/wp-json\/wp\/v2\/pages\/2\/revisions"}],"predecessor-version":[{"id":1336,"href":"http:\/\/www.christofwackernagel.de\/hieroglyphentexte\/wp-json\/wp\/v2\/pages\/2\/revisions\/1336"}],"wp:attachment":[{"href":"http:\/\/www.christofwackernagel.de\/hieroglyphentexte\/wp-json\/wp\/v2\/media?parent=2"}],"curies":[{"name":"wp","href":"https:\/\/api.w.org\/{rel}","templated":true}]}}