{"id":2004,"date":"2017-01-12T11:35:30","date_gmt":"2017-01-12T10:35:30","guid":{"rendered":"http:\/\/www.christofwackernagel.de\/hieroglyphentexte\/?page_id=2004"},"modified":"2023-11-06T07:38:00","modified_gmt":"2023-11-06T06:38:00","slug":"einzelstuecke","status":"publish","type":"page","link":"http:\/\/www.christofwackernagel.de\/hieroglyphentexte\/einzelstuecke\/","title":{"rendered":"Einzelstuecke"},"content":{"rendered":"<p style=\"text-align: right;\"><a href=\"http:\/\/www.christofwackernagel.de\/hieroglyphics\/single-pieces\/\" target=\"_blank\" rel=\"noopener\"><span style=\"font-size: 14px; font-family: helvetica,arial,sans-serif;\">Englisch<\/span><\/a>&nbsp; <img loading=\"lazy\" decoding=\"async\" class=\"alignnone size-full wp-image-991\" src=\"http:\/\/www.christofwackernagel.de\/hieroglyphentexte\/wp-content\/uploads\/gb.gif\" alt=\"gb\" width=\"16\" height=\"11\"><\/p>\n<p><span style=\"font-family: helvetica,arial,sans-serif;\">Alle hier gezeigten Werke sind originale Unikate, vom K\u00fcnstler datiert und signiert.<\/span><br \/>\n<span style=\"font-family: helvetica,arial,sans-serif;\">\u00a9 1980 \u2013 2016: Alle auf dieser Seite dargestellten Bilder, Fotos und Texte sind urheberrechtlich gesch\u00fctzt von Christof Wackernagel.<br \/>\n<\/span><\/p>\n<div class=\"right-block\">\n<div class=\"title-block_13\"><span style=\"font-family: helvetica, arial, sans-serif;\"><strong><span style=\"font-size: 12pt;\">Autobemalung<\/span><\/strong><span style=\"font-size: 12pt;\"><br \/>\n<span style=\"font-family: helvetica, arial, sans-serif;\">Lack auf Metall<\/span><\/span><\/span><\/div>\n<\/div>\n<p>ngg_shortcode_0_placeholder<strong>Der tausendj\u00e4hrige Kalender<\/strong><br \/>\n4 x 14 cm, Filzstift auf Folie, 2001<\/p>\n<p>ngg_shortcode_1_placeholder<strong>La pl\u00e2tre<\/strong><br \/>\n100 x 30 cm, Acryl auf Leinen, 2005<\/p>\n<p>ngg_shortcode_2_placeholder<strong>Die Vorstufe<\/strong><br \/>\n1,7 x 7,3 cm, Aquarell auf Karteikartenreiter, 2003<\/p>\n<p>ngg_shortcode_3_placeholder<strong>Lampenschirm<\/strong><br \/>\n2 x 8 x 10 cm, Acryl auf Pergament, 2002<\/p>\n<p>ngg_shortcode_4_placeholder<br \/>\n<strong>Das Schaufenster<br \/>\n<\/strong>2 x 4 m, Acryl auf Papier, 1999<strong><br \/>\n<\/strong><\/p>\n<p>ngg_shortcode_5_placeholder<strong><br \/>\nWer hat Angst vor<\/strong><br \/>\n35 x 19 cm, Acryl auf Chromolux, 2004<\/p>\n<p>ngg_shortcode_6_placeholder<span style=\"font-family: helvetica,arial,sans-serif;\">&nbsp;<br \/>\n<strong>Das gemeinsame Betttuch<\/strong><br \/>\n9 x 19 cm, Acryl auf strukturiertem Papier, 1996<br \/>\n<\/span><\/p>\nngg_shortcode_7_placeholder\n","protected":false},"excerpt":{"rendered":"<p>Englisch&nbsp; Alle hier gezeigten Werke sind originale Unikate, vom K\u00fcnstler datiert und signiert. \u00a9 1980 \u2013 2016: Alle auf dieser Seite dargestellten Bilder, Fotos und Texte sind urheberrechtlich gesch\u00fctzt von Christof Wackernagel. Autobemalung Lack auf Metall Der tausendj\u00e4hrige Kalender 4 x 14 cm, Filzstift auf Folie, 2001 La pl\u00e2tre 100 x 30 cm, Acryl auf &hellip; <a href=\"http:\/\/www.christofwackernagel.de\/hieroglyphentexte\/einzelstuecke\/\" class=\"more-link\"><span class=\"screen-reader-text\">\u201eEinzelstuecke\u201c<\/span> weiterlesen<\/a><\/p>\n","protected":false},"author":1,"featured_media":0,"parent":0,"menu_order":0,"comment_status":"closed","ping_status":"closed","template":"","meta":{"ngg_post_thumbnail":0,"footnotes":""},"class_list":["post-2004","page","type-page","status-publish","hentry"],"_links":{"self":[{"href":"http:\/\/www.christofwackernagel.de\/hieroglyphentexte\/wp-json\/wp\/v2\/pages\/2004","targetHints":{"allow":["GET"]}}],"collection":[{"href":"http:\/\/www.christofwackernagel.de\/hieroglyphentexte\/wp-json\/wp\/v2\/pages"}],"about":[{"href":"http:\/\/www.christofwackernagel.de\/hieroglyphentexte\/wp-json\/wp\/v2\/types\/page"}],"author":[{"embeddable":true,"href":"http:\/\/www.christofwackernagel.de\/hieroglyphentexte\/wp-json\/wp\/v2\/users\/1"}],"replies":[{"embeddable":true,"href":"http:\/\/www.christofwackernagel.de\/hieroglyphentexte\/wp-json\/wp\/v2\/comments?post=2004"}],"version-history":[{"count":18,"href":"http:\/\/www.christofwackernagel.de\/hieroglyphentexte\/wp-json\/wp\/v2\/pages\/2004\/revisions"}],"predecessor-version":[{"id":3012,"href":"http:\/\/www.christofwackernagel.de\/hieroglyphentexte\/wp-json\/wp\/v2\/pages\/2004\/revisions\/3012"}],"wp:attachment":[{"href":"http:\/\/www.christofwackernagel.de\/hieroglyphentexte\/wp-json\/wp\/v2\/media?parent=2004"}],"curies":[{"name":"wp","href":"https:\/\/api.w.org\/{rel}","templated":true}]}}