{"id":29,"date":"2016-08-28T15:52:15","date_gmt":"2016-08-28T13:52:15","guid":{"rendered":"http:\/\/www.christofwackernagel.de\/hieroglyphentexte\/?page_id=29"},"modified":"2016-09-09T20:24:48","modified_gmt":"2016-09-09T18:24:48","slug":"stimmen","status":"publish","type":"page","link":"http:\/\/www.christofwackernagel.de\/hieroglyphentexte\/stimmen\/","title":{"rendered":"Stimmen"},"content":{"rendered":"<p style=\"text-align: right;\"><span style=\"font-family: helvetica,arial,sans-serif; font-size: 16px;\"><a href=\"http:\/\/www.christofwackernagel.de\/hieroglyphics\/voices\/\" target=\"_blank\"><span style=\"font-size: 14px;\">Englisch<\/span><\/a>\u00a0 <img loading=\"lazy\" decoding=\"async\" class=\"alignnone size-full wp-image-991\" src=\"http:\/\/www.christofwackernagel.de\/hieroglyphentexte\/wp-content\/uploads\/gb.gif\" alt=\"gb\" width=\"16\" height=\"11\" \/> <\/span><\/p>\n<p><img loading=\"lazy\" decoding=\"async\" class=\"size-medium wp-image-35 alignleft\" src=\"http:\/\/www.christofwackernagel.de\/hieroglyphentexte\/wp-content\/uploads\/2016\/08\/SPIEGEL_1999_27_13918377-Kopie-300x187.jpg\" alt=\"SPIEGEL_1999_27_13918377 Kopie\" width=\"300\" height=\"187\" srcset=\"http:\/\/www.christofwackernagel.de\/hieroglyphentexte\/wp-content\/uploads\/2016\/08\/SPIEGEL_1999_27_13918377-Kopie-300x187.jpg 300w, http:\/\/www.christofwackernagel.de\/hieroglyphentexte\/wp-content\/uploads\/2016\/08\/SPIEGEL_1999_27_13918377-Kopie.jpg 601w\" sizes=\"auto, (max-width: 300px) 85vw, 300px\" \/><\/p>\n<p>&nbsp;<\/p>\n<p><span style=\"font-family: helvetica,arial,sans-serif;\">Spiegel 27, 1999\u00a0\u00a0 <a href=\"http:\/\/www.christofwackernagel.de\/hieroglyphentexte\/spiegel.pdf\" target=\"_blank\">\u21d2 PDF<\/a><\/span><\/p>\n<p>&nbsp;<\/p>\n<p>&nbsp;<\/p>\n<p>&nbsp;<\/p>\n<p><span style=\"font-family: helvetica,arial,sans-serif;\">Christof Wackernagel, der Schauspieler, hat drei sehr abstrakte heilige K\u00f6nige gemalt, die sind so gut, die w\u00fcrde ich mir glatt in die K\u00fcche h\u00e4ngen.<\/span><br \/>\n<span style=\"font-family: helvetica,arial,sans-serif;\"> <em> Christine Westermann<\/em><\/span><\/p>\n<p><span style=\"font-family: helvetica,arial,sans-serif;\">Christof Wackernagels Bildzeichen stellen in ihrer Gesamtheit nicht weniger dar als ein interaktives, allen Sprachen \u00fcbergeordnetes, universelles Kommunikationssystem.<\/span><br \/>\n<em><span style=\"font-family: helvetica,arial,sans-serif;\"> Claudia Tarabay<\/span><\/em><\/p>\n<p><span style=\"font-family: helvetica,arial,sans-serif;\">Christof Wackernagel pr\u00e4sentiert mit seinen Bildern eine Art zeitgen\u00f6ssische, eigenwillige Bilderschrift, spannend und verborgen wie Hieroglyphen. Die jeweils auf einem Blatt in geometrisch geordneten Serien gesetzten abstrakten Figuren erinnern an Zeichen, die es zu lesen und zu entschl\u00fcsseln gilt und wirken in ihrer Komposition wie chiffrierte Geschichten. Sie dienen als Anregung zum freien Assoziieren des Betrachters, zum R\u00e4tseln und Entr\u00e4tseln.<\/span><br \/>\n<em><span style=\"font-family: helvetica,arial,sans-serif;\"> Ulrich Fischer<\/span><\/em><\/p>\n<p><span style=\"font-family: helvetica,arial,sans-serif;\">Es springt nicht nur das Auge &#8211; auch die Gedanken springen mit.<\/span><\/p>\n<p><em><span style=\"font-family: helvetica,arial,sans-serif;\">Prof. G\u00fcnter Nagel -Leit<\/span><span style=\"font-family: helvetica,arial,sans-serif;\">er des Bayrischen Vermessungsamtes<\/span><\/em><\/p>\n<p><span style=\"font-family: helvetica,arial,sans-serif;\">Ohne Phantasie sind die Zeichenbilder nicht zu bew\u00e4ltigen, aber auch nicht ohne die Bereitschaft zu Humor und nicht ohne reflektives Nachdenken. Man kann versuchen, die Zeichenbilder wie ein Rebus, wie ein Bilderr\u00e4tsel zu lesen, die Marken wie Buchstaben zu einem Wort oder wie Worte zu einem Satz oder wie S\u00e4tze zu einem Bild zusammensetzen. Denkbar aber auch, die Zeichen eines Bildes f\u00fcr sich zu nehmen, einigen Bedeutung und anderen einfach nur Sch\u00f6nheit zukommen zu lassen.<\/span><br \/>\n<em><span style=\"font-family: helvetica,arial,sans-serif;\"> Dirk von K\u00fcgelen<\/span><\/em><\/p>\n<p><span style=\"font-family: helvetica,arial,sans-serif;\">Zustandszeichen<\/span><\/p>\n<p><em><span style=\"font-family: helvetica,arial,sans-serif;\">Eberhard Jost<\/span><\/em><\/p>\n<p><span style=\"font-family: helvetica,arial,sans-serif;\">Auf Traditionen basierend ins Neue stossend, eine Verbindung von klassischer Moderne, zeitgen\u00f6ssischer Avantgarde und Massenkunst: Bauhaus goes Pop-Art!<\/span><br \/>\n<em><span style=\"font-family: helvetica,arial,sans-serif;\"> F.K. (Ausstellungsbesucher\/in)<\/span><\/em><\/p>\n","protected":false},"excerpt":{"rendered":"<p>Englisch\u00a0 &nbsp; Spiegel 27, 1999\u00a0\u00a0 \u21d2 PDF &nbsp; &nbsp; &nbsp; Christof Wackernagel, der Schauspieler, hat drei sehr abstrakte heilige K\u00f6nige gemalt, die sind so gut, die w\u00fcrde ich mir glatt in die K\u00fcche h\u00e4ngen. Christine Westermann Christof Wackernagels Bildzeichen stellen in ihrer Gesamtheit nicht weniger dar als ein interaktives, allen Sprachen \u00fcbergeordnetes, universelles Kommunikationssystem. Claudia &hellip; <a href=\"http:\/\/www.christofwackernagel.de\/hieroglyphentexte\/stimmen\/\" class=\"more-link\"><span class=\"screen-reader-text\">\u201eStimmen\u201c<\/span> weiterlesen<\/a><\/p>\n","protected":false},"author":1,"featured_media":0,"parent":0,"menu_order":0,"comment_status":"closed","ping_status":"closed","template":"","meta":{"ngg_post_thumbnail":0,"footnotes":""},"class_list":["post-29","page","type-page","status-publish","hentry"],"_links":{"self":[{"href":"http:\/\/www.christofwackernagel.de\/hieroglyphentexte\/wp-json\/wp\/v2\/pages\/29","targetHints":{"allow":["GET"]}}],"collection":[{"href":"http:\/\/www.christofwackernagel.de\/hieroglyphentexte\/wp-json\/wp\/v2\/pages"}],"about":[{"href":"http:\/\/www.christofwackernagel.de\/hieroglyphentexte\/wp-json\/wp\/v2\/types\/page"}],"author":[{"embeddable":true,"href":"http:\/\/www.christofwackernagel.de\/hieroglyphentexte\/wp-json\/wp\/v2\/users\/1"}],"replies":[{"embeddable":true,"href":"http:\/\/www.christofwackernagel.de\/hieroglyphentexte\/wp-json\/wp\/v2\/comments?post=29"}],"version-history":[{"count":9,"href":"http:\/\/www.christofwackernagel.de\/hieroglyphentexte\/wp-json\/wp\/v2\/pages\/29\/revisions"}],"predecessor-version":[{"id":1098,"href":"http:\/\/www.christofwackernagel.de\/hieroglyphentexte\/wp-json\/wp\/v2\/pages\/29\/revisions\/1098"}],"wp:attachment":[{"href":"http:\/\/www.christofwackernagel.de\/hieroglyphentexte\/wp-json\/wp\/v2\/media?parent=29"}],"curies":[{"name":"wp","href":"https:\/\/api.w.org\/{rel}","templated":true}]}}