{"id":56,"date":"2016-08-28T16:40:44","date_gmt":"2016-08-28T14:40:44","guid":{"rendered":"http:\/\/www.christofwackernagel.de\/hieroglyphentexte\/?page_id=56"},"modified":"2023-11-05T16:30:23","modified_gmt":"2023-11-05T15:30:23","slug":"lesezeichen","status":"publish","type":"page","link":"http:\/\/www.christofwackernagel.de\/hieroglyphentexte\/lesezeichen\/","title":{"rendered":"Lesezeichen"},"content":{"rendered":"<p style=\"text-align: right;\"><a href=\"http:\/\/www.christofwackernagel.de\/hieroglyphics\/bookmarks\/\" target=\"_blank\" rel=\"noopener\"><span style=\"font-size: 14px; font-family: helvetica,arial,sans-serif;\">Englisch<\/span><\/a>&nbsp; <img loading=\"lazy\" decoding=\"async\" class=\"alignnone size-full wp-image-991\" src=\"http:\/\/www.christofwackernagel.de\/hieroglyphentexte\/wp-content\/uploads\/gb.gif\" alt=\"gb\" width=\"16\" height=\"11\"><\/p>\n<p><span style=\"font-family: helvetica,arial,sans-serif;\">Alle hier gezeigten Werke sind originale Unikate, vom K\u00fcnstler datiert und signiert.<\/span><br \/>\n<span style=\"font-family: helvetica,arial,sans-serif;\">\u00a9 1980 \u2013 2016: <\/span><span style=\"font-family: helvetica,arial,sans-serif;\">Alle auf dieser Seite dargestellten Bilder, Fotos und Texte sind urheberrechtlich gesch\u00fctzt von Christof Wackernagel.<br \/>\n<\/span><\/p>\n<p><strong>Lesezeichen 2<\/strong><br \/>\nVorder- und R\u00fcckseite, 19 x 3 cm, Aquarell auf Karton, 1993<\/p>\n<p>ngg_shortcode_0_placeholder<br \/>\n<strong>Lesezeichen 4<\/strong><br \/>\nVorder- und R\u00fcckseite, 14,5 x 2,5 cm, Aquarell auf Karton, 1993<\/p>\n<p>ngg_shortcode_1_placeholder<span lang=\"de-DE\"><strong><br \/>\nLesezeichen 5<\/strong><br \/>\nVoder- und R\u00fcckseite, 14,5 x 2,5 cm, Aquarell auf Karton, 1993<\/span><\/p>\nngg_shortcode_2_placeholder\n","protected":false},"excerpt":{"rendered":"<p>Englisch&nbsp; Alle hier gezeigten Werke sind originale Unikate, vom K\u00fcnstler datiert und signiert. \u00a9 1980 \u2013 2016: Alle auf dieser Seite dargestellten Bilder, Fotos und Texte sind urheberrechtlich gesch\u00fctzt von Christof Wackernagel. Lesezeichen 2 Vorder- und R\u00fcckseite, 19 x 3 cm, Aquarell auf Karton, 1993 Lesezeichen 4 Vorder- und R\u00fcckseite, 14,5 x 2,5 cm, Aquarell &hellip; <a href=\"http:\/\/www.christofwackernagel.de\/hieroglyphentexte\/lesezeichen\/\" class=\"more-link\"><span class=\"screen-reader-text\">\u201eLesezeichen\u201c<\/span> weiterlesen<\/a><\/p>\n","protected":false},"author":1,"featured_media":0,"parent":0,"menu_order":0,"comment_status":"closed","ping_status":"closed","template":"","meta":{"ngg_post_thumbnail":0,"footnotes":""},"class_list":["post-56","page","type-page","status-publish","hentry"],"_links":{"self":[{"href":"http:\/\/www.christofwackernagel.de\/hieroglyphentexte\/wp-json\/wp\/v2\/pages\/56","targetHints":{"allow":["GET"]}}],"collection":[{"href":"http:\/\/www.christofwackernagel.de\/hieroglyphentexte\/wp-json\/wp\/v2\/pages"}],"about":[{"href":"http:\/\/www.christofwackernagel.de\/hieroglyphentexte\/wp-json\/wp\/v2\/types\/page"}],"author":[{"embeddable":true,"href":"http:\/\/www.christofwackernagel.de\/hieroglyphentexte\/wp-json\/wp\/v2\/users\/1"}],"replies":[{"embeddable":true,"href":"http:\/\/www.christofwackernagel.de\/hieroglyphentexte\/wp-json\/wp\/v2\/comments?post=56"}],"version-history":[{"count":22,"href":"http:\/\/www.christofwackernagel.de\/hieroglyphentexte\/wp-json\/wp\/v2\/pages\/56\/revisions"}],"predecessor-version":[{"id":3000,"href":"http:\/\/www.christofwackernagel.de\/hieroglyphentexte\/wp-json\/wp\/v2\/pages\/56\/revisions\/3000"}],"wp:attachment":[{"href":"http:\/\/www.christofwackernagel.de\/hieroglyphentexte\/wp-json\/wp\/v2\/media?parent=56"}],"curies":[{"name":"wp","href":"https:\/\/api.w.org\/{rel}","templated":true}]}}